{"id":12401,"date":"2022-12-02T11:50:27","date_gmt":"2022-12-02T10:50:27","guid":{"rendered":"https:\/\/www.triacca.com\/?page_id=12401"},"modified":"2024-02-19T18:43:47","modified_gmt":"2024-02-19T17:43:47","slug":"privacy-policy","status":"publish","type":"page","link":"https:\/\/www.triacca.com\/it\/privacy-policy\/","title":{"rendered":"Privacy policy"},"content":{"rendered":"\t\t<div data-elementor-type=\"wp-page\" data-elementor-id=\"12401\" class=\"elementor elementor-12401\" data-elementor-post-type=\"page\">\n\t\t\t\t\t\t<section class=\"elementor-section elementor-top-section elementor-element elementor-element-46991764 elementor-section-boxed elementor-section-height-default elementor-section-height-default\" data-id=\"46991764\" data-element_type=\"section\" data-settings=\"{&quot;jet_parallax_layout_list&quot;:[]}\">\n\t\t\t\t\t\t<div class=\"elementor-container elementor-column-gap-default\">\n\t\t\t\t\t<div class=\"elementor-column elementor-col-100 elementor-top-column elementor-element elementor-element-67cef1e5\" data-id=\"67cef1e5\" data-element_type=\"column\">\n\t\t\t<div class=\"elementor-widget-wrap elementor-element-populated\">\n\t\t\t\t\t\t<div class=\"elementor-element elementor-element-7e4e686f elementor-widget elementor-widget-text-editor\" data-id=\"7e4e686f\" data-element_type=\"widget\" data-widget_type=\"text-editor.default\">\n\t\t\t\t<div class=\"elementor-widget-container\">\n\t\t\t\t\t\t\t\t\t<h1>Privacy Policy<\/h1>\n<h2><strong>Informativa sul trattamento di dati personali ai sensi del Regolamento (UE) 2016\/679 del Parlamento europeo e del Consiglio del 27 aprile 2016 (GDPR). In vigore dal 24\/11\/2022<\/strong><\/h2>\n<p><strong>PREMESSA<\/strong><\/p>\n<p>La presente informativa tiene conto di quanto indicato dal GDPR e dal Codice della Privacy (D. Lgs 30 giugno 2003 n. 196). Il documento \u00e8 stato redatto anche in base alle Linee Guida del Garante Privacy (soprattutto le Linee Guida di contrasto allo spam emesse dl Garante Privacy il 4 luglio 2013).<\/p>\n<p><strong>Titolare del Trattamento<\/strong>: Cavitria Casa Vinicola Triacca SRL &#8211; Via Nazionale 121, 23030 Villa di Tirano (SO) &#8211; Italy &#8211; P.IVA 00635380140 &#8211; Email info@triacca.com<\/p>\n<p>Sito al quale si riferisce la presente privacy policy: https:\/\/www.triacca.com\/it\/ (<strong>Sito<\/strong>).<\/p>\n<p>Il Titolare del Trattamento non ha nominato un DPO (Data Protection Officer). Pertanto, Lei pu\u00f2 inviare qualsiasi richiesta di informazioni direttamente al Titolare del Trattamento.<\/p>\n<p><strong>INFORMAZIONI GENERALI<\/strong><\/p>\n<p>Il presente documento descrive come il Titolare del Trattamento tratta i Suoi dati personali conferiti sul Sito.<\/p>\n<p>Di seguito vengono descritti i principali trattamenti dei Suoi dati personali. Viene in particolare spiegata la base giuridica del trattamento, se il conferimento \u00e8 obbligatorio e le conseguenze del mancato conferimento di dati personali. Per descrivere al meglio i Suoi diritti, qualora necessario, abbiamo specificato se e quando un determinato trattamento di dati personali non viene effettuato.<\/p>\n<p><strong>Registrazione sul Sito<\/strong><\/p>\n<p>Il Sito non offre la possibilit\u00e0 di registrazione. Pertanto, il Titolare del Trattamento non tratta i Suoi dati personali per questa finalit\u00e0.<\/p>\n<p><strong>Acquisti sul Sito<\/strong><\/p>\n<p>Sul Sito non \u00e8 possibile effettuare acquisti. Pertanto, i Suoi dati personali non saranno trattati per questa finalit\u00e0.Il Titolare del Trattamento non tratta i dati dell&#8217;utente per inviare email di &#8220;reminder&#8221; di acquisto di prodotti e\/o servizi del Titolare stesso.<\/p>\n<p><strong>Rispondere alle Sue richieste<\/strong><\/p>\n<p>I Suoi dati verranno trattati per rispondere alle Sue richieste di informazioni. Il conferimento \u00e8 facoltativo, ma il Suo rifiuto comporter\u00e0 l\u2019impossibilit\u00e0 per il Titolare del Trattamento di rispondere alle Sue domande. La base giuridica del trattamento \u00e8 il legittimo interesse del Titolare del Trattamento a dare seguito alle richieste dell\u2019utente. Questo legittimo interesse \u00e8 equivalente all&#8217;interesse dell&#8217;utente a ricevere risposta alle comunicazioni inviate al Titolare del Trattamento.<\/p>\n<p><strong>Marketing generico<\/strong><\/p>\n<p>Previo Suo consenso, il Titolare del Trattamento potr\u00e0 trattare i dati personali da Lei conferiti al fine di inviarLe materiale pubblicitario e\/o newsletter relativo a prodotti propri o di terzi. La base giuridica di questo trattamento \u00e8 il Suo consenso. Il conferimento dei dati personali per questa finalit\u00e0 \u00e8 meramente facoltativo. Il mancato assenso al trattamento dei dati per finalit\u00e0 di marketing comporter\u00e0 l\u2019impossibilit\u00e0 per Lei di ricevere materiale pubblicitario relativo a prodotti\/servizi del Titolare del Trattamento e\/o di terzi nonch\u00e9 l&#8217;impossibilit\u00e0 per il Titolare del Trattamento di svolgere indagini di mercato, anche dirette a valutare il grado di soddisfazione degli utenti, nonch\u00e9 di inviarLe newsletter. L&#8217;invio di queste comunicazioni avverr\u00e0 alla e-mail da Lei conferita sul Sito.<\/p>\n<p><strong>Profilazione<\/strong><\/p>\n<p>Previo Suo consenso, il Titolare del Trattamento potr\u00e0 trattare i Suoi dati personali per finalit\u00e0 di profilazione, ossia per l&#8217;analisi delle Sue scelte di consumo attraverso la rivelazione della tipologia e della frequenza degli acquisti da Lei effettuati, al fine di inviarLe materiale pubblicitario e\/o newsletter relativi a prodotti propri o di terzi, di Suo specifico interesse. La base giuridica di questo trattamento \u00e8 il Suo consenso. Il conferimento dei dati per questa finalit\u00e0 \u00e8 meramente facoltativo. Il mancato assenso al trattamento dei Suoi dati personali per finalit\u00e0 di profilazione comporter\u00e0 l\u2019impossibilit\u00e0 per il Titolare del Trattamento di elaborare il Suo profilo commerciale, mediante la rilevazione delle Sue scelte e abitudini di acquisto nonch\u00e9 di inviarLe materiale pubblicitario, relativo a prodotti del Titolare del Trattamento e\/o di terzi, di Suo specifico interesse. Queste comunicazioni verranno inviate alla e-mail da Lei conferita sul Sito.<\/p>\n<p><strong>Cessione dei dati<\/strong><\/p>\n<p>Il Titolare del Trattamento non cede a terzi i Suoi dati personali.<\/p>\n<p><strong>Geolocalizzazione<\/strong><\/p>\n<p>Il Sito non implementa strumenti di geolocalizzazione dell&#8217;indirizzo IP dell&#8217;utente.<\/p>\n<p><strong>Curriculum Vitae<\/strong><\/p>\n<p>Tramite il Sito non \u00e8 possibile inviare curriculum vitae. Pertanto i Suoi dati non verranno trattati per queste finalit\u00e0.<\/p>\n<p><strong>Comunicazione dei dati personali<\/strong><\/p>\n<p>Nell&#8217;ambito della propria ordinaria attivit\u00e0, il Titolare del Trattamento pu\u00f2 comunicare i Suoi dati personali a determinate categorie di soggetti. All&#8217;articolo 2<strong>&nbsp;<\/strong>Lei pu\u00f2 trovare l&#8217;elenco dei soggetti ai quali il Titolare del Trattamento comunica i Suoi dati personali. Per agevolare la tutela dei Suoi diritti, l&#8217;articolo 2 pu\u00f2 specificare in alcuni casi quando i Suoi dati non vengono comunicati a terzi.<\/p>\n<p>La &#8220;comunicazione&#8221; a terzi del dato personale \u00e8 diversa dalla &#8220;cessione&#8221; (disciplinata al punto che precede). Infatti, nella comunicazione il terzo al quale \u00e8 trasmesso il dato pu\u00f2 usarlo solo per le specifiche finalit\u00e0 descritte nel rapporto con il Titolare del Trattamento. Nella cessione, invece, il terzo diventa Titolare del Trattamento autonomo del dato personale. Inoltre, per cedere i Suoi dati personali a terzi \u00e8 sempre richiesto il Suo consenso.<\/p>\n<p>Fermo quanto precede, resta inteso che il Titolare del Trattamento potr\u00e0 comunque utilizzare i Suoi dati personali per dare corretto adempimento agli obblighi previsti dalle leggi in vigore.<\/p>\n<p><strong>INFORMATIVA PRIVACY SPECIFICA<\/strong><\/p>\n<p><strong>Art. 1 Modalit\u00e0 di trattamento<\/strong><\/p>\n<p>1.1 Il trattamento dei Suoi dati personali sar\u00e0 principalmente effettuato con l\u2019ausilio di mezzi elettronici o comunque automatizzati, secondo le modalit\u00e0 e con gli strumenti idonei a garantirne la sicurezza e la riservatezza in conformit\u00e0 al GDPR.<\/p>\n<p>1.2 Le informazioni acquisite e le modalit\u00e0 del trattamento saranno pertinenti e non eccedenti rispetto alla tipologia dei servizi resi. I Suoi dati saranno altres\u00ec gestiti e protetti in ambienti informatici sicuri e adeguati alle circostanze.<\/p>\n<p>1.3 Tramite il Sito non vengono trattati &#8220;dati particolari&#8221;. I dati particolari sono quelli che possono rivelare l&#8217;origine razziale ed etnica, le convinzioni religiose, filosofiche o di altro genere, le opinioni politiche, l&#8217;adesione a partiti, sindacati, associazioni od organizzazioni a carattere religioso, filosofico, politico o sindacale, lo stato di salute e la vita sessuale.<\/p>\n<p>1.4 Tramite il Sito non vengono trattati dati giudiziari.<\/p>\n<p><strong>Art. 2 Comunicazione dei dati personali<\/strong><\/p>\n<p>Il Titolare del Trattamento pu\u00f2 comunicare i Suoi dati personali a categorie determinate di soggetti. Di seguito vengono indicati i soggetti ai quali il Titolare del Trattamento si riserva di comunicare i Suoi dati:<\/p>\n<ul>\n<li>Il Titolare del Trattamento pu\u00f2 comunicare i Suoi dati personali a tutti quei soggetti (ivi incluse le Pubbliche Autorit\u00e0) che hanno accesso ai dati personali in forza di provvedimenti normativi o amministrativi.<\/li>\n<li>I Suoi dati personali possono essere comunicati anche a tutti quei soggetti pubblici e\/o privati, persone fisiche e\/o giuridiche (studi di consulenza legale, amministrativa e fiscale, Uffici Giudiziari, Camere di Commercio, Camere ed Uffici del Lavoro, ecc.), qualora la comunicazione risulti necessaria o funzionale al corretto adempimento degli obblighi derivanti dalla legge.<\/li>\n<li>Il Titolare del Trattamento si avvale di dipendenti e\/o collaboratori a qualsiasi titolo. Per il corretto funzionamento del Sito il Titolare del Trattamento pu\u00f2 comunicare i Suoi dati personali a questi dipendenti e\/o collaboratori.<\/li>\n<li>Nella propria ordinaria attivit\u00e0 di gestione del Sito, il Titolare del Trattamento si avvale di societ\u00e0, consulenti o professionisti incaricati dell\u2019installazione, della manutenzione, dell\u2019aggiornamento e, in generale, della gestione degli hardware e software del Titolare del Trattamento o di cui quest&#8217;ultimo si serve per l\u2019erogazione dei propri servizi. Pertanto, solo con riferimento a queste finalit\u00e0, i Suoi dati potranno essere trattati anche da questi soggetti.<\/li>\n<li>Per l&#8217;invio delle proprie comunicazioni il Titolare del Trattamento si avvale di societ\u00e0 esterne incaricate dell\u2019invio di questo tipo di comunicazioni (piattaforme CRM). I Suoi dati personali (in particolare l&#8217;email) potranno quindi essere comunicati a queste societ\u00e0.<\/li>\n<li>Il Titolare del Trattamento non si avvale di societ\u00e0 esterne per prestare il servizio di customer care.<\/li>\n<\/ul>\n<p>Il Titolare si riserva la facolt\u00e0 di modificare il sopra indicato elenco in base alla propria ordinaria operativit\u00e0. Pertanto, Lei \u00e8 invitato ad accedere con regolarit\u00e0 alla presente informativa per controllare a quali soggetti il Titolare del Trattamento comunica i Suoi dati personali.<\/p>\n<p><strong>Art. 3 Conservazione dei dati personali<\/strong><\/p>\n<p>3.1 Il presente articolo descrive per quanto tempo il Titolare del Trattamento si riserva il diritto di conservare i Suoi dati personali.<\/p>\n<ul>\n<li>I Suoi dati personali saranno conservati per il solo tempo necessario a garantire la corretta prestazione dei servizi offerti tramite il Sito.<\/li>\n<li>Per finalit\u00e0 di marketing, i dati personali saranno conservati fino alla eventuale revoca del consenso. Per gli utenti inattivi, i dati personali verranno cancellati dopo un anno dall&#8217;invio dell&#8217;ultima email eventualmente visionata.<\/li>\n<li>Per finalit\u00e0 di customer care, i dati verranno cancellati una volta completato il servizio di assistenza.<\/li>\n<\/ul>\n<p>3.2 Fermo quanto previsto all&#8217;articolo 3.1, il Titolare del Trattamento pu\u00f2 conservare i Suoi dati personali per il tempo richiesto da normative specifiche, come di volta in volta modificate.<\/p>\n<p><strong>Art. 4 Trasferimento dei dati personali<\/strong><\/p>\n<p>4.1 Il Titolare del Trattamento ha sede all&#8217;interno dell&#8217;Unione europea. Pertanto, il trattamento dei Suoi dati \u00e8 sicuro dal punto di vista normativo in quanto disciplinato dal GDPR. Qualora il trasferimento dei Suoi dati personali avvenga in un Paese extra-UE e per il quale la Commissione europea ha espresso un giudizio di adeguatezza, il trasferimento si ritiene in ogni caso sicuro dal punto di vista normativo. Il presente articolo 4.1 indica di volta in volta i Paesi nei quali i Suoi dati personali possono essere eventualmente trasferiti e dove la Commissione europea ha espresso un giudizio di adeguatezza.<\/p>\n<ul>\n<li>Si invita pertanto l&#8217;utente ad accedere con regolarit\u00e0 al presente articolo per verificare se il trasferimento dei Suoi dati personali avviene in un Paese con queste caratteristiche.<\/li>\n<\/ul>\n<p>4.2 Fermo quanto indicato all&#8217;articolo 4.1, i Suoi dati possono essere trasferiti anche in Paesi extra-UE e per i quali la Commissione europea non ha espresso un giudizio di adeguatezza. Lei \u00e8 pertanto invitato a visionare con regolarit\u00e0 il presente articolo 4.2 per appurare in quali di questi Paesi i Suoi dati sono eventualmente trasferiti. Per permettere la corretta funzionalit\u00e0 del Sito i Suoi dati personali potranno essere trasferiti in U.S.A.. In questi casi, il Titolare del Trattamento adotter\u00e0 ogni misura contrattuale idonea per garantire un adeguato livello di protezione dei dati personali, incluse, tra le altre, le Clausole Contrattuali Standard approvate dalla Commissione Europea il 4 giugno 2021.<\/p>\n<p>4.3 In questo articolo il Titolare del Trattamento indica i Paesi presso i quali eventualmente dirige in modo specifico la propria attivit\u00e0. Questa circostanza pu\u00f2 implicare l&#8217;applicazione della normativa del Paese di riferimento, unitamente a quella del GDPR.&nbsp;<\/p>\n<ul>\n<li>Su richiesta dell&#8217;utente, il Titolare del Trattamento applicher\u00e0 al trattamento dei dati personali la normativa eventualmente pi\u00f9 favorevole prevista dalla legislazione nazionale dell&#8217;utente stesso.<\/li>\n<\/ul>\n<div>&nbsp;<\/div>\n<div>\n<p>4.4&nbsp;Riceviamo i vostri dati tramite Walter Schmid Fundraising &amp; Data AG. La base giuridica per il trattamento dei dati \u00e8 il vostro consenso e\/o un interesse legittimo. Potete richiedere in qualsiasi momento informazioni sui vostri dati memorizzati da noi, ai sensi dell&#8217;art. 25 della legge svizzera sulla protezione dei dati. Se non desiderate ricevere in futuro altri messaggi pubblicitari da parte nostra, potete richiedere la cancellazione dei vostri dati. A tal fine, inviate la vostra richiesta di cancellazione a noi o a Walter Schmid Fundraising &amp; Data AG, Neugutstrasse 66, 8600 D\u00fcbendorf.<\/p>\n<\/div>\n<p><strong>Art. 5. Diritti dell&#8217;interessato<\/strong><\/p>\n<p>Ai sensi dell\u2019art. 13 del Regolamento Privacy, il Titolare del Trattamento La informa che Lei ha diritto di:<\/p>\n<ul>\n<li>chiedere al Titolare del Trattamento l\u2019accesso ai Suoi dati personali e la rettifica o la cancellazione degli stessi o la limitazione del trattamento che La riguardano o di opporsi al loro trattamento, oltre al diritto alla portabilit\u00e0 dei dati<\/li>\n<li>revocare il consenso in qualsiasi momento senza pregiudicare la liceit\u00e0 del trattamento basata sul consenso prestato prima della revoca<\/li>\n<li>proporre reclamo a un\u2019autorit\u00e0 di controllo (es.: il Garante per la protezione dei dati personali).<\/li>\n<\/ul>\n<p>I diritti di cui sopra potranno essere esercitati con richiesta rivolta senza formalit\u00e0 ai contatti indicati in Premessa.<\/p>\n<p><strong>Art. 6. Modifiche e Miscellanea<\/strong><\/p>\n<p>Il Titolare del Trattamento si riserva il diritto di apportare modifiche alla presente informativa in qualsiasi momento, dandone idonea pubblicit\u00e0 agli utenti del Sito e garantendo in ogni caso una adeguata ed analoga protezione dei dati personali. Al fine di visionare eventuali modifiche, Lei \u00e8 invitato a consultare con regolarit\u00e0 la presente informativa. In caso di modifiche sostanziali alla presente informativa privacy, il Titolare del Trattamento ne potr\u00e0 dare comunicazione anche tramite email.<\/p>\n<p><em>Powered by LegalBlink.<\/em><\/p>\t\t\t\t\t\t\t\t<\/div>\n\t\t\t\t<\/div>\n\t\t\t\t\t<\/div>\n\t\t<\/div>\n\t\t\t\t\t<\/div>\n\t\t<\/section>\n\t\t\t\t<\/div>\n\t\t","protected":false},"excerpt":{"rendered":"<p>Privacy Policy Informativa sul trattamento di dati personali ai sensi del Regolamento (UE) 2016\/679 del Parlamento europeo e del Consiglio del 27 aprile 2016 (GDPR). In vigore dal 24\/11\/2022 PREMESSA La presente informativa tiene conto di quanto indicato dal GDPR e dal Codice della Privacy (D. Lgs 30 giugno 2003 n. 196). Il documento \u00e8 [&hellip;]<\/p>\n","protected":false},"author":2,"featured_media":0,"parent":0,"menu_order":0,"comment_status":"closed","ping_status":"closed","template":"","meta":{"_mo_disable_npp":"","footnotes":""},"class_list":["post-12401","page","type-page","status-publish","hentry"],"yoast_head":"<!-- This site is optimized with the Yoast SEO plugin v27.1.1 - https:\/\/yoast.com\/product\/yoast-seo-wordpress\/ -->\n<title>Privacy policy - Casa Vinicola Triacca<\/title>\n<meta name=\"robots\" content=\"noindex, follow\" \/>\n<meta property=\"og:locale\" content=\"it_IT\" \/>\n<meta property=\"og:type\" content=\"article\" \/>\n<meta property=\"og:title\" content=\"Privacy policy - Casa Vinicola Triacca\" \/>\n<meta property=\"og:description\" content=\"Privacy Policy Informativa sul trattamento di dati personali ai sensi del Regolamento (UE) 2016\/679 del Parlamento europeo e del Consiglio del 27 aprile 2016 (GDPR). In vigore dal 24\/11\/2022 PREMESSA La presente informativa tiene conto di quanto indicato dal GDPR e dal Codice della Privacy (D. Lgs 30 giugno 2003 n. 196). Il documento \u00e8 [&hellip;]\" \/>\n<meta property=\"og:url\" content=\"https:\/\/www.triacca.com\/it\/privacy-policy\/\" \/>\n<meta property=\"og:site_name\" content=\"Casa Vinicola Triacca\" \/>\n<meta property=\"article:publisher\" content=\"https:\/\/www.facebook.com\/casavinicolatriacca\/\" \/>\n<meta property=\"article:modified_time\" content=\"2024-02-19T17:43:47+00:00\" \/>\n<meta name=\"twitter:card\" content=\"summary_large_image\" \/>\n<meta name=\"twitter:label1\" content=\"Tempo di lettura stimato\" \/>\n\t<meta name=\"twitter:data1\" content=\"11 minuti\" \/>\n<script type=\"application\/ld+json\" class=\"yoast-schema-graph\">{\"@context\":\"https:\/\/schema.org\",\"@graph\":[{\"@type\":\"WebPage\",\"@id\":\"https:\/\/www.triacca.com\/it\/privacy-policy\/\",\"url\":\"https:\/\/www.triacca.com\/it\/privacy-policy\/\",\"name\":\"Privacy policy - Casa Vinicola Triacca\",\"isPartOf\":{\"@id\":\"https:\/\/www.triacca.com\/it\/#website\"},\"datePublished\":\"2022-12-02T10:50:27+00:00\",\"dateModified\":\"2024-02-19T17:43:47+00:00\",\"breadcrumb\":{\"@id\":\"https:\/\/www.triacca.com\/it\/privacy-policy\/#breadcrumb\"},\"inLanguage\":\"it-IT\",\"potentialAction\":[{\"@type\":\"ReadAction\",\"target\":[\"https:\/\/www.triacca.com\/it\/privacy-policy\/\"]}]},{\"@type\":\"BreadcrumbList\",\"@id\":\"https:\/\/www.triacca.com\/it\/privacy-policy\/#breadcrumb\",\"itemListElement\":[{\"@type\":\"ListItem\",\"position\":1,\"name\":\"Home\",\"item\":\"https:\/\/www.triacca.com\/it\/\"},{\"@type\":\"ListItem\",\"position\":2,\"name\":\"Privacy policy\"}]},{\"@type\":\"WebSite\",\"@id\":\"https:\/\/www.triacca.com\/it\/#website\",\"url\":\"https:\/\/www.triacca.com\/it\/\",\"name\":\"Casa Vinicola Triacca\",\"description\":\"Dalla Mia Vigna\",\"publisher\":{\"@id\":\"https:\/\/www.triacca.com\/it\/#organization\"},\"potentialAction\":[{\"@type\":\"SearchAction\",\"target\":{\"@type\":\"EntryPoint\",\"urlTemplate\":\"https:\/\/www.triacca.com\/it\/?s={search_term_string}\"},\"query-input\":{\"@type\":\"PropertyValueSpecification\",\"valueRequired\":true,\"valueName\":\"search_term_string\"}}],\"inLanguage\":\"it-IT\"},{\"@type\":\"Organization\",\"@id\":\"https:\/\/www.triacca.com\/it\/#organization\",\"name\":\"Casa Vinicola Triacca\",\"url\":\"https:\/\/www.triacca.com\/it\/\",\"logo\":{\"@type\":\"ImageObject\",\"inLanguage\":\"it-IT\",\"@id\":\"https:\/\/www.triacca.com\/it\/#\/schema\/logo\/image\/\",\"url\":\"https:\/\/www.triacca.com\/wp-content\/uploads\/2021\/11\/triacca-logo.png\",\"contentUrl\":\"https:\/\/www.triacca.com\/wp-content\/uploads\/2021\/11\/triacca-logo.png\",\"width\":3334,\"height\":907,\"caption\":\"Casa Vinicola Triacca\"},\"image\":{\"@id\":\"https:\/\/www.triacca.com\/it\/#\/schema\/logo\/image\/\"},\"sameAs\":[\"https:\/\/www.facebook.com\/casavinicolatriacca\/\",\"https:\/\/www.instagram.com\/vinitriacca\/\",\"https:\/\/www.youtube.com\/channel\/UCH8D72i8bfiWY9NaVjgY7kg\"]}]}<\/script>\n<!-- \/ Yoast SEO plugin. -->","yoast_head_json":{"title":"Privacy policy - Casa Vinicola Triacca","robots":{"index":"noindex","follow":"follow"},"og_locale":"it_IT","og_type":"article","og_title":"Privacy policy - Casa Vinicola Triacca","og_description":"Privacy Policy Informativa sul trattamento di dati personali ai sensi del Regolamento (UE) 2016\/679 del Parlamento europeo e del Consiglio del 27 aprile 2016 (GDPR). In vigore dal 24\/11\/2022 PREMESSA La presente informativa tiene conto di quanto indicato dal GDPR e dal Codice della Privacy (D. Lgs 30 giugno 2003 n. 196). Il documento \u00e8 [&hellip;]","og_url":"https:\/\/www.triacca.com\/it\/privacy-policy\/","og_site_name":"Casa Vinicola Triacca","article_publisher":"https:\/\/www.facebook.com\/casavinicolatriacca\/","article_modified_time":"2024-02-19T17:43:47+00:00","twitter_card":"summary_large_image","twitter_misc":{"Tempo di lettura stimato":"11 minuti"},"schema":{"@context":"https:\/\/schema.org","@graph":[{"@type":"WebPage","@id":"https:\/\/www.triacca.com\/it\/privacy-policy\/","url":"https:\/\/www.triacca.com\/it\/privacy-policy\/","name":"Privacy policy - Casa Vinicola Triacca","isPartOf":{"@id":"https:\/\/www.triacca.com\/it\/#website"},"datePublished":"2022-12-02T10:50:27+00:00","dateModified":"2024-02-19T17:43:47+00:00","breadcrumb":{"@id":"https:\/\/www.triacca.com\/it\/privacy-policy\/#breadcrumb"},"inLanguage":"it-IT","potentialAction":[{"@type":"ReadAction","target":["https:\/\/www.triacca.com\/it\/privacy-policy\/"]}]},{"@type":"BreadcrumbList","@id":"https:\/\/www.triacca.com\/it\/privacy-policy\/#breadcrumb","itemListElement":[{"@type":"ListItem","position":1,"name":"Home","item":"https:\/\/www.triacca.com\/it\/"},{"@type":"ListItem","position":2,"name":"Privacy policy"}]},{"@type":"WebSite","@id":"https:\/\/www.triacca.com\/it\/#website","url":"https:\/\/www.triacca.com\/it\/","name":"Casa Vinicola Triacca","description":"Dalla Mia Vigna","publisher":{"@id":"https:\/\/www.triacca.com\/it\/#organization"},"potentialAction":[{"@type":"SearchAction","target":{"@type":"EntryPoint","urlTemplate":"https:\/\/www.triacca.com\/it\/?s={search_term_string}"},"query-input":{"@type":"PropertyValueSpecification","valueRequired":true,"valueName":"search_term_string"}}],"inLanguage":"it-IT"},{"@type":"Organization","@id":"https:\/\/www.triacca.com\/it\/#organization","name":"Casa Vinicola Triacca","url":"https:\/\/www.triacca.com\/it\/","logo":{"@type":"ImageObject","inLanguage":"it-IT","@id":"https:\/\/www.triacca.com\/it\/#\/schema\/logo\/image\/","url":"https:\/\/www.triacca.com\/wp-content\/uploads\/2021\/11\/triacca-logo.png","contentUrl":"https:\/\/www.triacca.com\/wp-content\/uploads\/2021\/11\/triacca-logo.png","width":3334,"height":907,"caption":"Casa Vinicola Triacca"},"image":{"@id":"https:\/\/www.triacca.com\/it\/#\/schema\/logo\/image\/"},"sameAs":["https:\/\/www.facebook.com\/casavinicolatriacca\/","https:\/\/www.instagram.com\/vinitriacca\/","https:\/\/www.youtube.com\/channel\/UCH8D72i8bfiWY9NaVjgY7kg"]}]}},"_links":{"self":[{"href":"https:\/\/www.triacca.com\/it\/wp-json\/wp\/v2\/pages\/12401","targetHints":{"allow":["GET"]}}],"collection":[{"href":"https:\/\/www.triacca.com\/it\/wp-json\/wp\/v2\/pages"}],"about":[{"href":"https:\/\/www.triacca.com\/it\/wp-json\/wp\/v2\/types\/page"}],"author":[{"embeddable":true,"href":"https:\/\/www.triacca.com\/it\/wp-json\/wp\/v2\/users\/2"}],"replies":[{"embeddable":true,"href":"https:\/\/www.triacca.com\/it\/wp-json\/wp\/v2\/comments?post=12401"}],"version-history":[{"count":49,"href":"https:\/\/www.triacca.com\/it\/wp-json\/wp\/v2\/pages\/12401\/revisions"}],"predecessor-version":[{"id":16515,"href":"https:\/\/www.triacca.com\/it\/wp-json\/wp\/v2\/pages\/12401\/revisions\/16515"}],"wp:attachment":[{"href":"https:\/\/www.triacca.com\/it\/wp-json\/wp\/v2\/media?parent=12401"}],"curies":[{"name":"wp","href":"https:\/\/api.w.org\/{rel}","templated":true}]}}